{"id":27,"date":"2025-04-11T15:33:52","date_gmt":"2025-04-11T15:33:52","guid":{"rendered":"http:\/\/relaunch2025.zeitenspiegel.de\/?page_id=27"},"modified":"2026-01-20T12:01:37","modified_gmt":"2026-01-20T12:01:37","slug":"impressum","status":"publish","type":"page","link":"https:\/\/www.zeitenspiegel.de\/en\/impressum\/","title":{"rendered":"Legal notice"},"content":{"rendered":"<p><strong><strong>Mirror of Time<\/strong> Reportages<\/strong><\/p>\n\n\n\n<p>Uli Kopp<br>Schafgasse 31<br>D-71384 Weinstadt-Endersbach<\/p>\n\n\n\n<p>Tel: <a href=\"tel:+49715196460\">+49 7151 9646 \u2013 0<\/a><br>Fax: +49 715 1646 \u2013 30<\/p>\n\n\n\n<p>E-Mail: <a href=\"mailto:mail@zeitenspiegel.de\">mail@zeitenspiegel.de<\/a><br>www.zeitenspiegel.de<\/p>\n\n\n\n<p>Zeitenspiegel Reportages Reinhardt &amp; Partner<br>Registered office: Weinstadt, registered at the District Court Stuttgart, PR 720298<br>VAT ID No.: DE275388586<\/p>\n\n\n\n<p>Management: Rike Uhlenkamp, Jan R\u00fcbel<\/p>\n\n\n\n<p>please note our <a href=\"https:\/\/www.zeitenspiegel.de\/en\/datenschutz\/\" data-type=\"page\" data-id=\"3\">Privacy Policy<\/a><\/p>","protected":false},"excerpt":{"rendered":"<p>Zeitenspiegel Reportagen Uli KoppSchafgasse 31D-71384 Weinstadt-Endersbach Tel.: +49 7151 9646 \u2013 0Fax: +49 715 1646 \u2013 30 E-Mail: mail@zeitenspiegel.dewww.zeitenspiegel.de Zeitenspiegel Reportagen Reinhardt &amp; PartnerSitz: Weinstadt, eingetragen am Amtsgericht Stuttgart , PR 720298USt.-IdNr.: DE275388586 Gesch\u00e4ftsf\u00fchrung: Rike Uhlenkamp, Jan R\u00fcbel bitte beachten Sie unsere Datenschutzhinweise<\/p>","protected":false},"author":1,"featured_media":0,"parent":0,"menu_order":90,"comment_status":"closed","ping_status":"closed","template":"","meta":{"_FSMCFIC_featured_image_caption":"","_FSMCFIC_featured_image_nocaption":"","_FSMCFIC_featured_image_hide":"","footnotes":""},"class_list":["post-27","page","type-page","status-publish","hentry"],"aioseo_notices":[],"_links":{"self":[{"href":"https:\/\/www.zeitenspiegel.de\/en\/wp-json\/wp\/v2\/pages\/27","targetHints":{"allow":["GET"]}}],"collection":[{"href":"https:\/\/www.zeitenspiegel.de\/en\/wp-json\/wp\/v2\/pages"}],"about":[{"href":"https:\/\/www.zeitenspiegel.de\/en\/wp-json\/wp\/v2\/types\/page"}],"author":[{"embeddable":true,"href":"https:\/\/www.zeitenspiegel.de\/en\/wp-json\/wp\/v2\/users\/1"}],"replies":[{"embeddable":true,"href":"https:\/\/www.zeitenspiegel.de\/en\/wp-json\/wp\/v2\/comments?post=27"}],"version-history":[{"count":5,"href":"https:\/\/www.zeitenspiegel.de\/en\/wp-json\/wp\/v2\/pages\/27\/revisions"}],"predecessor-version":[{"id":8250,"href":"https:\/\/www.zeitenspiegel.de\/en\/wp-json\/wp\/v2\/pages\/27\/revisions\/8250"}],"wp:attachment":[{"href":"https:\/\/www.zeitenspiegel.de\/en\/wp-json\/wp\/v2\/media?parent=27"}],"curies":[{"name":"wp","href":"https:\/\/api.w.org\/{rel}","templated":true}]}}