{"id":30,"date":"2025-04-11T15:34:28","date_gmt":"2025-04-11T15:34:28","guid":{"rendered":"http:\/\/relaunch2025.zeitenspiegel.de\/?page_id=30"},"modified":"2026-03-24T10:20:11","modified_gmt":"2026-03-24T10:20:11","slug":"newsletter","status":"publish","type":"page","link":"https:\/\/www.zeitenspiegel.de\/en\/newsletter\/","title":{"rendered":"Newsletter"},"content":{"rendered":"<p><strong>Hier k\u00f6nnen Sie den Newsletter von Zeitenspiegel Reportagen bestellen, der etwa vier Mal im Jahr verschickt wird.<\/strong><\/p>\n\n\n\n<p>Sie erhalten nach der Anmeldung eine automatische E-Mail zur Best\u00e4tigung des Newsletter-Empfangs. Mit der Best\u00e4tigung akzeptieren Sie unsere&nbsp;<a href=\"https:\/\/www.zeitenspiegel.de\/en\/datenschutz\/\">Datenschutzbestimmungen<\/a>. In jedem Newsletter finden Sie einen Link, \u00fcber den Sie das Newsletter-Abonnement wieder k\u00fcndigen k\u00f6nnen.<\/p>\n\n\n\n<div class=\"wp-block-kadence-advancedbtn kb-buttons-wrap kb-btns30_093cb2-43\"><span class=\"kb-button kt-button button kb-btn30_295ee9-e5 kt-btn-size-large kt-btn-width-type-auto kb-btn-global-fill  kt-btn-has-text-true kt-btn-has-svg-true  newsletterbuttondisabled wp-block-kadence-singlebtn\"><span class=\"kb-svg-icon-wrap kb-svg-icon-fe_mail kt-btn-icon-side-left\"><svg viewbox=\"0 0 24 24\"  fill=\"none\" stroke=\"currentColor\" stroke-width=\"2\" stroke-linecap=\"round\" stroke-linejoin=\"round\" xmlns=\"http:\/\/www.w3.org\/2000\/svg\"  aria-hidden=\"true\"><path d=\"M4 4h16c1.1 0 2 .9 2 2v12c0 1.1-.9 2-2 2H4c-1.1 0-2-.9-2-2V6c0-1.1.9-2 2-2z\"\/><polyline points=\"22,6 12,13 2,6\"\/><\/svg><\/span><span class=\"kt-btn-inner-text\">Newsletter<\/span><\/span><\/div>\n\n\n\n<div class=\"newsletterbutton\" style=\"display: none\">\n<iframe data-w-type=\"embedded\" frameborder=\"0\" scrolling=\"no\" marginheight=\"0\" marginwidth=\"0\" src=\"https:\/\/go.zeitenspiegel.de\/wgt\/xttx2\/xs8\/form?c=cf0088cc\" width=\"100%\"><\/iframe>\n<script type=\"text\/javascript\" src=\"https:\/\/app.mailjet.com\/pas-nc-embedded-v1.js\"><\/script>\n<\/div>\n<form action=\"\"><input name=\"checkdsgvo\" id=\"checkdsgvo\" type=\"checkbox\" \/><label for=\"checkdsgvo\">Ich bin damit einverstanden, dass mich Zeitenspiegel Reportagen mit dem hier vorgestellten Newsletter informieren darf. Meine Daten werden ausschlie\u00dflich zu diesem Zweck genutzt. Insbesondere erfolgt keine Weitergabe an unberechtigte Dritte. Mir ist bekannt, dass ich meine Einwilligung jederzeit mit Wirkung f\u00fcr die Zukunft widerrufen kann. Dies kann ich \u00fcber folgende Kan\u00e4le tun: elektronisch \u00fcber einen Abmeldelink im jeweiligen Newsletter; per E-Mail an mail@zeitenspiegel.de; oder postalisch an: Zeitenspiegel Reportagen, Schafgasse 31, 71384 Weinstadt-Endersbach. Es gilt die Datenschutzerkl\u00e4rung, die auch weitere Informationen \u00fcber M\u00f6glichkeiten zur Berichtigung, L\u00f6schung und Sperrung meiner Daten beinhaltet.<\/label><input type=\"hidden\" name=\"trp-form-language\" value=\"en\"\/><\/form>\n\n\n\n<div style=\"height:50px\" aria-hidden=\"true\" class=\"wp-block-spacer\"><\/div>\n\n\n\n<h2 class=\"wp-block-heading\">Newsletter-Archiv<\/h2>\n\n\n\n<div style=\"height:20px\" aria-hidden=\"true\" class=\"wp-block-spacer\"><\/div>\n\n\n\n<div class=\"wp-block-group alignwide has-global-padding is-layout-constrained wp-container-core-group-is-layout-92b9201d wp-block-group-is-layout-constrained\">\n<div class=\"wp-block-group alignwide has-global-padding is-layout-constrained wp-container-core-group-is-layout-92b9201d wp-block-group-is-layout-constrained\">\n<h3 class=\"wp-block-heading\" style=\"margin-top:var(--wp--preset--spacing--30);margin-bottom:var(--wp--preset--spacing--30)\">2026<\/h3>\n\n\n\n<p><a href=\"https:\/\/go.zeitenspiegel.de\/nl3\/tiweFAPXCgzTkdFOipj8wA\" target=\"_blank\" rel=\"noopener\" title=\"\">Nr. 46 &#8211; M\u00e4rz 2026<\/a><\/p>\n<\/div>\n\n\n\n<div class=\"wp-block-kadence-spacer aligncenter kt-block-spacer-30_b04e16-5c\"><div class=\"kt-block-spacer kt-block-spacer-halign-center\"><hr class=\"kt-divider\"\/><\/div><\/div>\n\n\n\n<h3 class=\"wp-block-heading\" style=\"margin-top:var(--wp--preset--spacing--30);margin-bottom:var(--wp--preset--spacing--30)\">2025<\/h3>\n\n\n\n<p><a href=\"https:\/\/go.zeitenspiegel.de\/nl3\/tiweFAPXCgzTkdFOipj8wA\" target=\"_blank\" rel=\"noopener\" title=\"\">Nr. 45 &#8211; Dezember 2025<\/a><\/p>\n\n\n\n<p><a href=\"https:\/\/go.zeitenspiegel.de\/nl3\/BjVwnKPGT21yiLuzWz3P7Q\" target=\"_blank\" rel=\"noreferrer noopener\">Nr. 44 &#8211; September 2025<\/a><\/p>\n\n\n\n<p><a href=\"https:\/\/go.zeitenspiegel.de\/nl3\/5LwE9aKIptVCVe8fK5UgAQ\" target=\"_blank\" rel=\"noreferrer noopener\">Nr. 43 &#8211; Juni 2025<\/a><\/p>\n\n\n\n<p><a href=\"https:\/\/go.zeitenspiegel.de\/nl3\/LSqW0O_qQbh49r_nerXXLQ\" target=\"_blank\" rel=\"noreferrer noopener\">Nr. 42 &#8211; Februar 2025<\/a><\/p>\n<\/div>\n\n\n\n<div class=\"wp-block-kadence-spacer aligncenter kt-block-spacer-30_09af36-1e\"><div class=\"kt-block-spacer kt-block-spacer-halign-center\"><hr class=\"kt-divider\"\/><\/div><\/div>\n\n\n\n<div class=\"wp-block-group alignwide has-global-padding is-layout-constrained wp-container-core-group-is-layout-92b9201d wp-block-group-is-layout-constrained\">\n<h3 class=\"wp-block-heading\" style=\"margin-top:var(--wp--preset--spacing--30);margin-bottom:var(--wp--preset--spacing--30)\">2024<\/h3>\n\n\n\n<p><a href=\"https:\/\/go.zeitenspiegel.de\/nl3\/ZkxG3mTKkF6_8s-fWBf6GQ\" target=\"_blank\" rel=\"noreferrer noopener\">Nr. 41 &#8211; Dezember 2024<\/a><\/p>\n\n\n\n<p><a href=\"https:\/\/go.zeitenspiegel.de\/nl3\/CA9qwmQhbpYjWB0_v4jtfA\" target=\"_blank\" rel=\"noreferrer noopener\">Nr. 40 &#8211; M\u00e4rz 2024<\/a><\/p>\n\n\n\n<div class=\"wp-block-kadence-spacer aligncenter kt-block-spacer-30_33cc8d-ef\"><div class=\"kt-block-spacer kt-block-spacer-halign-center\"><hr class=\"kt-divider\"\/><\/div><\/div>\n\n\n\n<h3 class=\"wp-block-heading\" style=\"margin-top:var(--wp--preset--spacing--30);margin-bottom:var(--wp--preset--spacing--30)\">2023<\/h3>\n\n\n\n<p><a href=\"https:\/\/go.zeitenspiegel.de\/nl3\/351k_J3Uexvfit5rM1NjFw\" target=\"_blank\" rel=\"noreferrer noopener\">Nr. 39 &#8211; Dezember 2023<\/a><\/p>\n\n\n\n<p><a href=\"https:\/\/go.zeitenspiegel.de\/nl3\/H0DWySa_Et5J1MKOpKtGMQ\" target=\"_blank\" rel=\"noreferrer noopener\">Nr. 38 &#8211; Oktober 2023<\/a><\/p>\n\n\n\n<p><a href=\"https:\/\/go.zeitenspiegel.de\/nl3\/iZf0RCvmv2PhTYDAOHA4fw\" target=\"_blank\" rel=\"noreferrer noopener\">Nr. 37 &#8211; Juli 2023<\/a><\/p>\n\n\n\n<p><a href=\"http:\/\/go.zeitenspiegel.de\/nl3\/IJRNhu0f805ZHYtP0GAXWA\" target=\"_blank\" rel=\"noreferrer noopener\">Nr. 36 &#8211; M\u00e4rz 2023<\/a><\/p>\n\n\n\n<p><a href=\"http:\/\/go.zeitenspiegel.de\/nl3\/MAXsp1F2JohBrcj7F-Anvw\" target=\"_blank\" rel=\"noreferrer noopener\">Nr. 35 &#8211; Januar 2023<\/a><\/p>\n\n\n\n<div class=\"wp-block-kadence-spacer aligncenter kt-block-spacer-30_f6707d-25\"><div class=\"kt-block-spacer kt-block-spacer-halign-center\"><hr class=\"kt-divider\"\/><\/div><\/div>\n\n\n\n<h3 class=\"wp-block-heading\" style=\"margin-top:var(--wp--preset--spacing--30);margin-bottom:var(--wp--preset--spacing--30)\">2022<\/h3>\n\n\n\n<p><a href=\"http:\/\/go.zeitenspiegel.de\/nl3\/ZVifNOjJNB6VJIXGHRvieQ\" target=\"_blank\" rel=\"noreferrer noopener\">Nr. 34 &#8211; Oktober 2022<\/a><\/p>\n\n\n\n<p><a href=\"http:\/\/go.zeitenspiegel.de\/nl3\/nnvq6t239GCgCjAUegJ5QQ\" target=\"_blank\" rel=\"noreferrer noopener\">Nr. 33 &#8211; Juli 2022<\/a><\/p>\n\n\n\n<p><a href=\"http:\/\/go.zeitenspiegel.de\/nl2\/xttx2\/l4tk.html\" target=\"_blank\" rel=\"noreferrer noopener\">Nr. 32 &#8211; M\u00e4rz 2022<\/a><\/p>\n\n\n\n<div class=\"wp-block-kadence-spacer aligncenter kt-block-spacer-30_83e60e-83\"><div class=\"kt-block-spacer kt-block-spacer-halign-center\"><hr class=\"kt-divider\"\/><\/div><\/div>\n\n\n\n<h3 class=\"wp-block-heading\" style=\"margin-top:var(--wp--preset--spacing--30);margin-bottom:var(--wp--preset--spacing--30)\">2021<\/h3>\n\n\n\n<p><a href=\"http:\/\/go.zeitenspiegel.de\/nl2\/xttx2\/sn3j.html\" target=\"_blank\" rel=\"noreferrer noopener\">Nr. 31 &#8211; August 2021<\/a><\/p>\n\n\n\n<p><a href=\"http:\/\/go.zeitenspiegel.de\/nl2\/xttx2\/0qvp.html\" target=\"_blank\" rel=\"noreferrer noopener\">Nr. 30 &#8211; M\u00e4rz 2021<\/a><\/p>\n\n\n\n<div class=\"wp-block-kadence-spacer aligncenter kt-block-spacer-30_5e137c-5b\"><div class=\"kt-block-spacer kt-block-spacer-halign-center\"><hr class=\"kt-divider\"\/><\/div><\/div>\n\n\n\n<h3 class=\"wp-block-heading\" style=\"margin-top:var(--wp--preset--spacing--30);margin-bottom:var(--wp--preset--spacing--30)\">2020<\/h3>\n\n\n\n<p><a href=\"http:\/\/go.zeitenspiegel.de\/nl2\/xttx2\/04kp.html\" target=\"_blank\" rel=\"noreferrer noopener\">Nr. 29 &#8211; Dezember 2020<\/a><\/p>\n\n\n\n<p><a href=\"http:\/\/go.zeitenspiegel.de\/nl2\/xttx2\/x4s4.html\" target=\"_blank\" rel=\"noreferrer noopener\">Nr. 28 &#8211; Oktober 2020<\/a><\/p>\n\n\n\n<p><a href=\"https:\/\/newsletter.quadrifolia.de\/t\/r-e-jhitdhjd-tditjdiudu-s\/\" target=\"_blank\" rel=\"noreferrer noopener\">Nr. 27 &#8211; M\u00e4rz 2020<\/a><\/p>\n\n\n\n<p><a href=\"https:\/\/newsletter.quadrifolia.de\/t\/r-e-jhluxkd-tditjdiudu-v\" target=\"_blank\" rel=\"noreferrer noopener\">Nr. 26 &#8211; Januar 2020<\/a><\/p>\n\n\n\n<div class=\"wp-block-kadence-spacer aligncenter kt-block-spacer-30_683d94-3f\"><div class=\"kt-block-spacer kt-block-spacer-halign-center\"><hr class=\"kt-divider\"\/><\/div><\/div>\n\n\n\n<h3 class=\"wp-block-heading\" style=\"margin-top:var(--wp--preset--spacing--30);margin-bottom:var(--wp--preset--spacing--30)\">2019<\/h3>\n\n\n\n<p><a href=\"https:\/\/newsletter.quadrifolia.de\/t\/r-e-jdtjhtyd-tditjdiudu-w\/\" target=\"_blank\" rel=\"noreferrer noopener\">Nr. 25 \u2013 Oktober 2019<\/a><\/p>\n\n\n\n<p><a href=\"https:\/\/newsletter.quadrifolia.de\/t\/r-e-jijrdriy-tditjdiudu-yk\/\" target=\"_blank\" rel=\"noreferrer noopener\">Nr. 24 \u2013 Mai 2019<\/a><\/p>\n\n\n\n<p><a href=\"https:\/\/newsletter.quadrifolia.de\/t\/r-e-jthuuyyd-tditjdiudu-yk\/\" target=\"_blank\" rel=\"noreferrer noopener\">Nr. 23 \u2013 M\u00e4rz 2019<\/a><\/p>\n\n\n\n<div class=\"wp-block-kadence-spacer aligncenter kt-block-spacer-30_afd322-36\"><div class=\"kt-block-spacer kt-block-spacer-halign-center\"><hr class=\"kt-divider\"\/><\/div><\/div>\n\n\n\n<h3 class=\"wp-block-heading\" style=\"margin-top:var(--wp--preset--spacing--30);margin-bottom:var(--wp--preset--spacing--30)\">2018<\/h3>\n\n\n\n<p><a href=\"http:\/\/newsletter.quadrifolia.de\/t\/r-e-jtwliik-trukkuvjh-yk\/\" target=\"_blank\" rel=\"noreferrer noopener\">Nr. 22 \u2013 Dezember 2018<\/a><\/p>\n\n\n\n<p><a href=\"http:\/\/newsletter.quadrifolia.de\/t\/r-e-jjkuyudl-tditjdiudu-yk\/\" target=\"_blank\" rel=\"noreferrer noopener\">Nr. 21 \u2013 Oktober 2018<\/a><\/p>\n\n\n\n<p><a href=\"http:\/\/newsletter.quadrifolia.de\/t\/r-e-jyiklilt-tditjdiudu-jk\/\" target=\"_blank\" rel=\"noreferrer noopener\">Nr. 20 \u2013 Mai 2018<\/a><\/p>\n\n\n\n<p><a href=\"http:\/\/newsletter.quadrifolia.de\/t\/r-e-jrilllll-trukkuvjh-jk\/\" target=\"_blank\" rel=\"noreferrer noopener\">Nr. 19 \u2013 M\u00e4rz 2018<\/a><\/p>\n\n\n\n<p><a href=\"http:\/\/newsletter.quadrifolia.de\/t\/r-e-jldtituk-trukkuvjh-i\/\" target=\"_blank\" rel=\"noreferrer noopener\">Nr. 18 \u2013 Januar 2018<\/a><\/p>\n\n\n\n<div class=\"wp-block-kadence-spacer aligncenter kt-block-spacer-30_e0da49-a4\"><div class=\"kt-block-spacer kt-block-spacer-halign-center\"><hr class=\"kt-divider\"\/><\/div><\/div>\n\n\n\n<h3 class=\"wp-block-heading\" style=\"margin-top:var(--wp--preset--spacing--30);margin-bottom:var(--wp--preset--spacing--30)\">2017<\/h3>\n\n\n\n<p><a href=\"http:\/\/newsletter.quadrifolia.de\/t\/r-e-jlilyux-tditjdiudu-i\/\" target=\"_blank\" rel=\"noreferrer noopener\">Nr. 17 \u2013 Oktober 2017<\/a><\/p>\n\n\n\n<p><a href=\"http:\/\/newsletter.quadrifolia.de\/t\/r-e-yujthrdt-trukkuvjh-r\/\" target=\"_blank\" rel=\"noreferrer noopener\">Nr. 16 \u2013 Mai 2017<\/a><\/p>\n\n\n\n<p><a href=\"http:\/\/newsletter.quadrifolia.de\/t\/r-e-yuljklhl-tditjdiukt-r\/\" target=\"_blank\" rel=\"noreferrer noopener\">Nr. 15 \u2013 M\u00e4rz 2017<\/a><\/p>\n\n\n\n<div class=\"wp-block-kadence-spacer aligncenter kt-block-spacer-30_e8a76d-6f\"><div class=\"kt-block-spacer kt-block-spacer-halign-center\"><hr class=\"kt-divider\"\/><\/div><\/div>\n\n\n\n<h3 class=\"wp-block-heading\" style=\"margin-top:var(--wp--preset--spacing--30);margin-bottom:var(--wp--preset--spacing--30)\">2016<\/h3>\n\n\n\n<p><a href=\"http:\/\/newsletter.quadrifolia.de\/t\/r-e-yktrhdiy-trukkuvjh-r\/\" target=\"_blank\" rel=\"noreferrer noopener\">Nr. 14 \u2013 Dezember 2016<\/a><\/p>\n\n\n\n<p><a href=\"http:\/\/newsletter.quadrifolia.de\/t\/r-e-wydjhkl-trukkuvjh-r\/\" target=\"_blank\" rel=\"noreferrer noopener\">Nr. 13 \u2013 Oktober 2016<\/a><\/p>\n\n\n\n<p><a href=\"http:\/\/newsletter.quadrifolia.de\/t\/r-e-eikirkl-tditjdiudu-r\/\" target=\"_blank\" rel=\"noreferrer noopener\">Nr. 12 \u2013 Mai 2016<\/a><\/p>\n\n\n\n<p><a href=\"http:\/\/newsletter.quadrifolia.de\/t\/r-e-vklhyx-tditjdiudu-r\/\" target=\"_blank\" rel=\"noreferrer noopener\">Nr. 11 \u2013 M\u00e4rz 2016<\/a><\/p>\n\n\n\n<div class=\"wp-block-kadence-spacer aligncenter kt-block-spacer-30_97b1ad-86\"><div class=\"kt-block-spacer kt-block-spacer-halign-center\"><hr class=\"kt-divider\"\/><\/div><\/div>\n\n\n\n<h3 class=\"wp-block-heading\" style=\"margin-top:var(--wp--preset--spacing--30);margin-bottom:var(--wp--preset--spacing--30)\">2015<\/h3>\n\n\n\n<p><a href=\"http:\/\/newsletter.quadrifolia.de\/t\/r-e-zljgdt-trukkuvjh-r\/\" target=\"_blank\" rel=\"noreferrer noopener\">Nr. 10 \u2013 Dezember 2015<\/a><\/p>\n\n\n\n<p><a href=\"http:\/\/newsletter.quadrifolia.de\/t\/r-e-fdjulty-trukkuvjh-r\/\" target=\"_blank\" rel=\"noreferrer noopener\">Nr. 09 \u2013 Oktober 2015<\/a><\/p>\n\n\n\n<p><a href=\"http:\/\/newsletter.quadrifolia.de\/t\/r-e-qhklhlt-tditjdiudu-r\/\" target=\"_blank\" rel=\"noreferrer noopener\">Nr. 08 \u2013 Mai 2015<\/a><\/p>\n\n\n\n<p><a href=\"http:\/\/newsletter.quadrifolia.de\/t\/r-e-qxitdd-trukkuvjh-r\/\" target=\"_blank\" rel=\"noreferrer noopener\">Nr. 07 \u2013 M\u00e4rz 2015<\/a><\/p>\n\n\n\n<div class=\"wp-block-kadence-spacer aligncenter kt-block-spacer-30_23c087-64\"><div class=\"kt-block-spacer kt-block-spacer-halign-center\"><hr class=\"kt-divider\"\/><\/div><\/div>\n\n\n\n<h3 class=\"wp-block-heading\" style=\"margin-top:var(--wp--preset--spacing--30);margin-bottom:var(--wp--preset--spacing--30)\">2014<\/h3>\n\n\n\n<p><a href=\"http:\/\/newsletter.quadrifolia.de\/t\/r-e-csktg-tditjdiudu-r\/\" target=\"_blank\" rel=\"noreferrer noopener\">Nr. 06 \u2013 Dezember 2014<\/a><\/p>\n\n\n\n<p><a href=\"http:\/\/newsletter.quadrifolia.de\/t\/r-e-mkhjyjl-trukkuvjh-r\/\" target=\"_blank\" rel=\"noreferrer noopener\">Nr. 05 \u2013 Oktober 2014<\/a><\/p>\n\n\n\n<p><a href=\"http:\/\/newsletter.quadrifolia.de\/t\/r-e-xjydtut-trukkuvjh-r\/\" target=\"_blank\" rel=\"noreferrer noopener\">Nr. 04 \u2013 Mai 2014<\/a><\/p>\n\n\n\n<p><a href=\"http:\/\/newsletter.quadrifolia.de\/t\/r-e-piikia-trukkuvjh-r\/\" target=\"_blank\" rel=\"noreferrer noopener\">Nr. 03 \u2013 M\u00e4rz 2014<\/a><\/p>\n\n\n\n<div class=\"wp-block-kadence-spacer aligncenter kt-block-spacer-30_6f362a-d5\"><div class=\"kt-block-spacer kt-block-spacer-halign-center\"><hr class=\"kt-divider\"\/><\/div><\/div>\n\n\n\n<h3 class=\"wp-block-heading\" style=\"margin-top:var(--wp--preset--spacing--30);margin-bottom:var(--wp--preset--spacing--30)\">2013<\/h3>\n\n\n\n<p><a href=\"http:\/\/newsletter.quadrifolia.de\/t\/r-e-nktvuk-trukkuvjh-r\/\" target=\"_blank\" rel=\"noreferrer noopener\">Nr. 02 \u2013 Dezember 2013<\/a><\/p>\n\n\n\n<p><a href=\"http:\/\/newsletter.quadrifolia.de\/t\/r-e-nlhdjo-trtljlaki-r\/\" target=\"_blank\" rel=\"noreferrer noopener\">Nr. 01 \u2013 Oktober 2013<\/a><\/p>\n<\/div>\n\n\n\n<p><\/p>","protected":false},"excerpt":{"rendered":"<p>Hier k\u00f6nnen Sie den Newsletter von Zeitenspiegel Reportagen bestellen, der etwa vier Mal im Jahr verschickt wird. Sie erhalten nach der Anmeldung eine automatische E-Mail zur Best\u00e4tigung des Newsletter-Empfangs. Mit der Best\u00e4tigung akzeptieren Sie unsere&nbsp;Datenschutzbestimmungen. In jedem Newsletter finden Sie einen Link, \u00fcber den Sie das Newsletter-Abonnement wieder k\u00fcndigen k\u00f6nnen. Ich bin damit einverstanden, dass [&hellip;]<\/p>\n","protected":false},"author":1,"featured_media":0,"parent":0,"menu_order":70,"comment_status":"closed","ping_status":"closed","template":"","meta":{"_FSMCFIC_featured_image_caption":"","_FSMCFIC_featured_image_nocaption":"","_FSMCFIC_featured_image_hide":"","footnotes":""},"class_list":["post-30","page","type-page","status-publish","hentry"],"aioseo_notices":[],"_links":{"self":[{"href":"https:\/\/www.zeitenspiegel.de\/en\/wp-json\/wp\/v2\/pages\/30","targetHints":{"allow":["GET"]}}],"collection":[{"href":"https:\/\/www.zeitenspiegel.de\/en\/wp-json\/wp\/v2\/pages"}],"about":[{"href":"https:\/\/www.zeitenspiegel.de\/en\/wp-json\/wp\/v2\/types\/page"}],"author":[{"embeddable":true,"href":"https:\/\/www.zeitenspiegel.de\/en\/wp-json\/wp\/v2\/users\/1"}],"replies":[{"embeddable":true,"href":"https:\/\/www.zeitenspiegel.de\/en\/wp-json\/wp\/v2\/comments?post=30"}],"version-history":[{"count":56,"href":"https:\/\/www.zeitenspiegel.de\/en\/wp-json\/wp\/v2\/pages\/30\/revisions"}],"predecessor-version":[{"id":8333,"href":"https:\/\/www.zeitenspiegel.de\/en\/wp-json\/wp\/v2\/pages\/30\/revisions\/8333"}],"wp:attachment":[{"href":"https:\/\/www.zeitenspiegel.de\/en\/wp-json\/wp\/v2\/media?parent=30"}],"curies":[{"name":"wp","href":"https:\/\/api.w.org\/{rel}","templated":true}]}}